{"id":605,"date":"2025-02-25T19:37:28","date_gmt":"2025-02-25T19:37:28","guid":{"rendered":"https:\/\/joyntulum.com\/?page_id=605"},"modified":"2025-07-02T23:33:50","modified_gmt":"2025-07-02T23:33:50","slug":"politicas-de-privacidad","status":"publish","type":"page","link":"https:\/\/joyntulum.com\/en\/politicas-de-privacidad\/","title":{"rendered":"Pol\u00edticas de privacidad"},"content":{"rendered":"<style>.elementor-605 .elementor-element.elementor-element-edd2c1d{--display:flex;--flex-direction:row;--container-widget-width:initial;--container-widget-height:100%;--container-widget-flex-grow:1;--container-widget-align-self:stretch;--flex-wrap-mobile:wrap;--gap:0px 0px;--row-gap:0px;--column-gap:0px;--margin-top:-1px;--margin-bottom:0px;--margin-left:0px;--margin-right:0px;--padding-top:150px;--padding-bottom:50px;--padding-left:0px;--padding-right:0px;}.elementor-605 .elementor-element.elementor-element-edd2c1d:not(.elementor-motion-effects-element-type-background), .elementor-605 .elementor-element.elementor-element-edd2c1d > .elementor-motion-effects-container > .elementor-motion-effects-layer{background-color:#011A33;}.elementor-605 .elementor-element.elementor-element-664a124{--display:flex;--flex-direction:column;--container-widget-width:100%;--container-widget-height:initial;--container-widget-flex-grow:0;--container-widget-align-self:initial;--flex-wrap-mobile:wrap;--border-radius:0px 0px 0px 0px;}.elementor-605 .elementor-element.elementor-element-45b848a{--box-border-color:#FFFFFF;--box-border-radius:15px;--header-color:#FFFFFF;--toggle-button-color:#FF6E00;--item-text-color:#FFFFFF;--item-text-hover-color:#BBE6F7;--item-text-hover-decoration:underline;--item-text-active-color:#FFFFFF;--marker-color:#FF6000;}.elementor-605 .elementor-element.elementor-element-45b848a .elementor-toc__header-title{text-align:start;}.elementor-605 .elementor-element.elementor-element-45b848a .elementor-toc__header, .elementor-605 .elementor-element.elementor-element-45b848a .elementor-toc__header-title{font-size:20px;}.elementor-605 .elementor-element.elementor-element-45b848a .elementor-toc__header{flex-direction:row;}.elementor-605 .elementor-element.elementor-element-45b848a .elementor-toc__list-item{font-size:12px;}.elementor-605 .elementor-element.elementor-element-d1f568b{--display:flex;--flex-direction:column;--container-widget-width:100%;--container-widget-height:initial;--container-widget-flex-grow:0;--container-widget-align-self:initial;--flex-wrap-mobile:wrap;}.elementor-605 .elementor-element.elementor-element-a7c647d .elementor-heading-title{font-size:26px;color:#FFFFFF;}.elementor-605 .elementor-element.elementor-element-69b862e{color:#FFFFFF;}.elementor-605 .elementor-element.elementor-element-9f957a4 .elementor-heading-title{font-size:20px;color:#FFFFFF;}.elementor-605 .elementor-element.elementor-element-9f957a4 > .elementor-widget-container{padding:20px 0px 20px 0px;}.elementor-605 .elementor-element.elementor-element-a7c3755{color:#FFFFFF;}.elementor-605 .elementor-element.elementor-element-98d9f72 .elementor-heading-title{font-size:20px;color:#FFFFFF;}.elementor-605 .elementor-element.elementor-element-98d9f72 > .elementor-widget-container{padding:20px 0px 20px 0px;}.elementor-605 .elementor-element.elementor-element-ed0c631{color:#FFFFFF;}.elementor-605 .elementor-element.elementor-element-20240f3 .elementor-heading-title{font-size:20px;color:#FFFFFF;}.elementor-605 .elementor-element.elementor-element-20240f3 > .elementor-widget-container{padding:20px 0px 20px 0px;}.elementor-605 .elementor-element.elementor-element-47239b5{color:#FFFFFF;}.elementor-605 .elementor-element.elementor-element-d2214dc .elementor-heading-title{font-size:20px;color:#FFFFFF;}.elementor-605 .elementor-element.elementor-element-d2214dc > .elementor-widget-container{padding:20px 0px 20px 0px;}.elementor-605 .elementor-element.elementor-element-a50b15c{color:#FFFFFF;}.elementor-605 .elementor-element.elementor-element-c2e82b8 .elementor-heading-title{font-size:20px;color:#FFFFFF;}.elementor-605 .elementor-element.elementor-element-c2e82b8 > .elementor-widget-container{padding:20px 0px 20px 0px;}.elementor-605 .elementor-element.elementor-element-842cd87{color:#FFFFFF;}.elementor-605 .elementor-element.elementor-element-8a28373 .elementor-heading-title{font-size:20px;color:#FFFFFF;}.elementor-605 .elementor-element.elementor-element-8a28373 > .elementor-widget-container{padding:20px 0px 20px 0px;}.elementor-605 .elementor-element.elementor-element-a19d94d{color:#FFFFFF;}.elementor-605 .elementor-element.elementor-element-32a16be .elementor-heading-title{font-size:20px;color:#FFFFFF;}.elementor-605 .elementor-element.elementor-element-32a16be > .elementor-widget-container{padding:20px 0px 20px 0px;}.elementor-605 .elementor-element.elementor-element-4fbbdb0{color:#FFFFFF;}.elementor-605 .elementor-element.elementor-element-9635660 .elementor-heading-title{font-size:20px;color:#FFFFFF;}.elementor-605 .elementor-element.elementor-element-9635660 > .elementor-widget-container{padding:20px 0px 20px 0px;}.elementor-605 .elementor-element.elementor-element-f4b595b{color:#FFFFFF;}.elementor-605 .elementor-element.elementor-element-b2f4e51 .elementor-heading-title{font-size:20px;color:#FFFFFF;}.elementor-605 .elementor-element.elementor-element-b2f4e51 > .elementor-widget-container{padding:20px 0px 20px 0px;}.elementor-605 .elementor-element.elementor-element-119f140{color:#FFFFFF;}@media(min-width:768px){.elementor-605 .elementor-element.elementor-element-664a124{--width:33.3333%;}.elementor-605 .elementor-element.elementor-element-d1f568b{--width:66.6666%;}}<\/style>\t\t<div data-elementor-type=\"wp-page\" data-elementor-id=\"605\" class=\"elementor elementor-605\" data-elementor-post-type=\"page\">\n\t\t\t\t<div class=\"elementor-element elementor-element-edd2c1d e-flex e-con-boxed e-con e-parent\" data-id=\"edd2c1d\" data-element_type=\"container\" data-e-type=\"container\" data-settings=\"{&quot;background_background&quot;:&quot;classic&quot;}\">\n\t\t\t\t\t<div class=\"e-con-inner\">\n\t\t<div class=\"elementor-element elementor-element-664a124 e-con-full e-flex e-con e-child\" data-id=\"664a124\" data-element_type=\"container\" data-e-type=\"container\">\n\t\t\t\t<div class=\"elementor-element elementor-element-45b848a elementor-toc--minimized-on-tablet elementor-widget elementor-widget-table-of-contents\" data-id=\"45b848a\" data-element_type=\"widget\" data-e-type=\"widget\" data-settings=\"{&quot;headings_by_tags&quot;:[&quot;h2&quot;],&quot;exclude_headings_by_selector&quot;:&quot;h1&quot;,&quot;no_headings_message&quot;:&quot;No headings were found on this page.&quot;,&quot;marker_view&quot;:&quot;numbers&quot;,&quot;minimize_box&quot;:&quot;yes&quot;,&quot;minimized_on&quot;:&quot;tablet&quot;,&quot;hierarchical_view&quot;:&quot;yes&quot;,&quot;min_height&quot;:{&quot;unit&quot;:&quot;px&quot;,&quot;size&quot;:&quot;&quot;,&quot;sizes&quot;:[]},&quot;min_height_tablet&quot;:{&quot;unit&quot;:&quot;px&quot;,&quot;size&quot;:&quot;&quot;,&quot;sizes&quot;:[]},&quot;min_height_mobile&quot;:{&quot;unit&quot;:&quot;px&quot;,&quot;size&quot;:&quot;&quot;,&quot;sizes&quot;:[]}}\" data-widget_type=\"table-of-contents.default\">\n\t\t\t\t<div class=\"elementor-widget-container\">\n\t\t\t\t\t\t\t<div class=\"elementor-toc__header\">\n\t\t\t<h2 class=\"elementor-toc__header-title\">\n\t\t\t\tTabla de contenidos\t\t\t<\/h2>\n\t\t\t\t\t\t\t<div class=\"elementor-toc__toggle-button elementor-toc__toggle-button--expand\" role=\"button\" tabindex=\"0\" aria-controls=\"elementor-toc__45b848a\" aria-expanded=\"true\" aria-label=\"Abrir la tabla de contenidos\"><svg aria-hidden=\"true\" class=\"e-font-icon-svg e-fas-chevron-down\" viewBox=\"0 0 448 512\" xmlns=\"http:\/\/www.w3.org\/2000\/svg\"><path d=\"M207.029 381.476L12.686 187.132c-9.373-9.373-9.373-24.569 0-33.941l22.667-22.667c9.357-9.357 24.522-9.375 33.901-.04L224 284.505l154.745-154.021c9.379-9.335 24.544-9.317 33.901.04l22.667 22.667c9.373 9.373 9.373 24.569 0 33.941L240.971 381.476c-9.373 9.372-24.569 9.372-33.942 0z\"><\/path><\/svg><\/div>\n\t\t\t\t<div class=\"elementor-toc__toggle-button elementor-toc__toggle-button--collapse\" role=\"button\" tabindex=\"0\" aria-controls=\"elementor-toc__45b848a\" aria-expanded=\"true\" aria-label=\"Cerrar la tabla de contenidos\"><svg aria-hidden=\"true\" class=\"e-font-icon-svg e-fas-chevron-up\" viewBox=\"0 0 448 512\" xmlns=\"http:\/\/www.w3.org\/2000\/svg\"><path d=\"M240.971 130.524l194.343 194.343c9.373 9.373 9.373 24.569 0 33.941l-22.667 22.667c-9.357 9.357-24.522 9.375-33.901.04L224 227.495 69.255 381.516c-9.379 9.335-24.544 9.317-33.901-.04l-22.667-22.667c-9.373-9.373-9.373-24.569 0-33.941L207.03 130.525c9.372-9.373 24.568-9.373 33.941-.001z\"><\/path><\/svg><\/div>\n\t\t\t\t\t<\/div>\n\t\t<div id=\"elementor-toc__45b848a\" class=\"elementor-toc__body\">\n\t\t\t<div class=\"elementor-toc__spinner-container\">\n\t\t\t\t<svg class=\"elementor-toc__spinner eicon-animation-spin e-font-icon-svg e-eicon-loading\" aria-hidden=\"true\" viewBox=\"0 0 1000 1000\" xmlns=\"http:\/\/www.w3.org\/2000\/svg\"><path d=\"M500 975V858C696 858 858 696 858 500S696 142 500 142 142 304 142 500H25C25 237 238 25 500 25S975 237 975 500 763 975 500 975Z\"><\/path><\/svg>\t\t\t<\/div>\n\t\t<\/div>\n\t\t\t\t\t\t<\/div>\n\t\t\t\t<\/div>\n\t\t\t\t<\/div>\n\t\t<div class=\"elementor-element elementor-element-d1f568b e-con-full e-flex e-con e-child\" data-id=\"d1f568b\" data-element_type=\"container\" data-e-type=\"container\">\n\t\t\t\t<div class=\"elementor-element elementor-element-a7c647d elementor-widget elementor-widget-heading\" data-id=\"a7c647d\" data-element_type=\"widget\" data-e-type=\"widget\" data-widget_type=\"heading.default\">\n\t\t\t\t<div class=\"elementor-widget-container\">\n\t\t\t\t\t<h1 class=\"elementor-heading-title elementor-size-default\">Pol\u00edticas de Privacidad<\/h1>\t\t\t\t<\/div>\n\t\t\t\t<\/div>\n\t\t\t\t<div class=\"elementor-element elementor-element-69b862e elementor-widget elementor-widget-text-editor\" data-id=\"69b862e\" data-element_type=\"widget\" data-e-type=\"widget\" data-widget_type=\"text-editor.default\">\n\t\t\t\t<div class=\"elementor-widget-container\">\n\t\t\t\t\t\t\t\t\t<p><a href=\"https:\/\/joyntulum.com\/\">joyntulum.com<\/a>\u00a0(\u00abSitio Web\u00bb) se compromete a proteger la privacidad de sus usuarios (\u00abUsuarios\u00bb). Esta Pol\u00edtica de Privacidad describe c\u00f3mo recopilamos, utilizamos, divulgamos y protegemos la informaci\u00f3n personal de los Usuarios que utilizan el Sitio Web. Al utilizar el Sitio Web, el Usuario acepta las pr\u00e1cticas descritas en esta Pol\u00edtica de Privacidad.<\/p>\t\t\t\t\t\t\t\t<\/div>\n\t\t\t\t<\/div>\n\t\t\t\t<div class=\"elementor-element elementor-element-9f957a4 elementor-widget elementor-widget-heading\" data-id=\"9f957a4\" data-element_type=\"widget\" data-e-type=\"widget\" data-widget_type=\"heading.default\">\n\t\t\t\t<div class=\"elementor-widget-container\">\n\t\t\t\t\t<h2 class=\"elementor-heading-title elementor-size-default\">INFORMACI\u00d3N QUE RECOPILAMOS\n<\/h2>\t\t\t\t<\/div>\n\t\t\t\t<\/div>\n\t\t\t\t<div class=\"elementor-element elementor-element-a7c3755 elementor-widget elementor-widget-text-editor\" data-id=\"a7c3755\" data-element_type=\"widget\" data-e-type=\"widget\" data-widget_type=\"text-editor.default\">\n\t\t\t\t<div class=\"elementor-widget-container\">\n\t\t\t\t\t\t\t\t\t<ul><li>2.1.\u00a0<b>Informaci\u00f3n Personal:<\/b>\u00a0Podemos recopilar informaci\u00f3n personal, como nombre, direcci\u00f3n de correo electr\u00f3nico, n\u00famero de tel\u00e9fono, direcci\u00f3n postal, cuando el Usuario se registra para una cuenta, se suscribe a nuestro bolet\u00edn informativo, rellena un formulario de contacto o interact\u00faa con el Sitio Web de otras maneras.<\/li><li>2.2. <b>Informaci\u00f3n No Personal:<\/b>\u00a0Tambi\u00e9n podemos recopilar informaci\u00f3n no personal, como datos demogr\u00e1ficos, tipo de navegador, direcci\u00f3n IP, p\u00e1ginas visitadas, tiempo de permanencia en el Sitio Web y otros datos anal\u00edticos. Esta informaci\u00f3n no identifica personalmente al Usuario.<\/li><\/ul>\t\t\t\t\t\t\t\t<\/div>\n\t\t\t\t<\/div>\n\t\t\t\t<div class=\"elementor-element elementor-element-98d9f72 elementor-widget elementor-widget-heading\" data-id=\"98d9f72\" data-element_type=\"widget\" data-e-type=\"widget\" data-widget_type=\"heading.default\">\n\t\t\t\t<div class=\"elementor-widget-container\">\n\t\t\t\t\t<h2 class=\"elementor-heading-title elementor-size-default\">3. C\u00d3MO UTILIZAMOS LA INFORMACI\u00d3N\n<\/h2>\t\t\t\t<\/div>\n\t\t\t\t<\/div>\n\t\t\t\t<div class=\"elementor-element elementor-element-ed0c631 elementor-widget elementor-widget-text-editor\" data-id=\"ed0c631\" data-element_type=\"widget\" data-e-type=\"widget\" data-widget_type=\"text-editor.default\">\n\t\t\t\t<div class=\"elementor-widget-container\">\n\t\t\t\t\t\t\t\t\t<ul><li><p>3.1.\u00a0<b>Informaci\u00f3n Personal:<\/b>\u00a0Podemos utilizar la informaci\u00f3n personal para:<\/p><ul><li>Proporcionar y mejorar los servicios del Sitio Web.<\/li><li>Personalizar la experiencia del Usuario.<\/li><li>Enviar correos electr\u00f3nicos sobre actualizaciones, promociones y otros contenidos relevantes.<\/li><li>Responder a consultas y solicitudes del Usuario.<\/li><li>Prevenir actividades fraudulentas o ilegales.<\/li><\/ul><p>3.2.\u00a0<b>Informaci\u00f3n No Personal:<\/b>\u00a0Podemos utilizar la informaci\u00f3n no personal para:<\/p><ul><li>Analizar el uso del Sitio Web y mejorar su funcionalidad.<\/li><li>Recopilar datos demogr\u00e1ficos agregados sobre nuestros Usuarios.<\/li><li>Personalizar anuncios y contenido<\/li><\/ul><\/li><\/ul>\t\t\t\t\t\t\t\t<\/div>\n\t\t\t\t<\/div>\n\t\t\t\t<div class=\"elementor-element elementor-element-20240f3 elementor-widget elementor-widget-heading\" data-id=\"20240f3\" data-element_type=\"widget\" data-e-type=\"widget\" data-widget_type=\"heading.default\">\n\t\t\t\t<div class=\"elementor-widget-container\">\n\t\t\t\t\t<h2 class=\"elementor-heading-title elementor-size-default\">4. C\u00d3MO COMPARTIMOS LA INFORMACI\u00d3N<\/h2>\t\t\t\t<\/div>\n\t\t\t\t<\/div>\n\t\t\t\t<div class=\"elementor-element elementor-element-47239b5 elementor-widget elementor-widget-text-editor\" data-id=\"47239b5\" data-element_type=\"widget\" data-e-type=\"widget\" data-widget_type=\"text-editor.default\">\n\t\t\t\t<div class=\"elementor-widget-container\">\n\t\t\t\t\t\t\t\t\t<ul><li>4.1. <b>Proveedores de Servicios:<\/b>\u00a0Podemos compartir informaci\u00f3n personal con proveedores de servicios externos que nos ayudan a operar el Sitio Web, como proveedores de alojamiento web, an\u00e1lisis de datos y marketing por correo electr\u00f3nico. Estos proveedores de servicios tienen prohibido utilizar la informaci\u00f3n personal para cualquier otro prop\u00f3sito.<\/li><li>4.2. <b>Requisitos Legales:<\/b>\u00a0Podemos divulgar informaci\u00f3n personal si as\u00ed lo exige la ley o si creemos de buena fe que dicha divulgaci\u00f3n es necesaria para cumplir con una obligaci\u00f3n legal, proteger y defender nuestros derechos o propiedad, o investigar posibles irregularidades.<\/li><\/ul>\t\t\t\t\t\t\t\t<\/div>\n\t\t\t\t<\/div>\n\t\t\t\t<div class=\"elementor-element elementor-element-d2214dc elementor-widget elementor-widget-heading\" data-id=\"d2214dc\" data-element_type=\"widget\" data-e-type=\"widget\" data-widget_type=\"heading.default\">\n\t\t\t\t<div class=\"elementor-widget-container\">\n\t\t\t\t\t<h2 class=\"elementor-heading-title elementor-size-default\">5. COOKIES Y TECNOLOG\u00cdAS SIMILARES<\/h2>\t\t\t\t<\/div>\n\t\t\t\t<\/div>\n\t\t\t\t<div class=\"elementor-element elementor-element-a50b15c elementor-widget elementor-widget-text-editor\" data-id=\"a50b15c\" data-element_type=\"widget\" data-e-type=\"widget\" data-widget_type=\"text-editor.default\">\n\t\t\t\t<div class=\"elementor-widget-container\">\n\t\t\t\t\t\t\t\t\t<p>Utilizamos cookies y tecnolog\u00edas similares para recopilar informaci\u00f3n sobre la actividad del Usuario en el Sitio Web. Las cookies son peque\u00f1os archivos de datos que se almacenan en el dispositivo del Usuario. Podemos utilizar cookies para personalizar la experiencia del Usuario, analizar el uso del Sitio Web y mostrar anuncios relevantes. El Usuario puede configurar su navegador para rechazar todas o algunas cookies, o para avisarle cuando se env\u00eden cookies.<\/p>\t\t\t\t\t\t\t\t<\/div>\n\t\t\t\t<\/div>\n\t\t\t\t<div class=\"elementor-element elementor-element-c2e82b8 elementor-widget elementor-widget-heading\" data-id=\"c2e82b8\" data-element_type=\"widget\" data-e-type=\"widget\" data-widget_type=\"heading.default\">\n\t\t\t\t<div class=\"elementor-widget-container\">\n\t\t\t\t\t<h2 class=\"elementor-heading-title elementor-size-default\">6. SEGURIDAD<\/h2>\t\t\t\t<\/div>\n\t\t\t\t<\/div>\n\t\t\t\t<div class=\"elementor-element elementor-element-842cd87 elementor-widget elementor-widget-text-editor\" data-id=\"842cd87\" data-element_type=\"widget\" data-e-type=\"widget\" data-widget_type=\"text-editor.default\">\n\t\t\t\t<div class=\"elementor-widget-container\">\n\t\t\t\t\t\t\t\t\t<p>Tomamos medidas razonables para proteger la informaci\u00f3n personal del Usuario contra el acceso no autorizado, la divulgaci\u00f3n, la alteraci\u00f3n o la destrucci\u00f3n. Sin embargo, ning\u00fan m\u00e9todo de transmisi\u00f3n por Internet o de almacenamiento electr\u00f3nico es 100% seguro. Por lo tanto, no podemos garantizar la seguridad absoluta de la informaci\u00f3n personal.<\/p>\t\t\t\t\t\t\t\t<\/div>\n\t\t\t\t<\/div>\n\t\t\t\t<div class=\"elementor-element elementor-element-8a28373 elementor-widget elementor-widget-heading\" data-id=\"8a28373\" data-element_type=\"widget\" data-e-type=\"widget\" data-widget_type=\"heading.default\">\n\t\t\t\t<div class=\"elementor-widget-container\">\n\t\t\t\t\t<h2 class=\"elementor-heading-title elementor-size-default\">7. ENLACES A SITIOS WEB DE TERCEROS<\/h2>\t\t\t\t<\/div>\n\t\t\t\t<\/div>\n\t\t\t\t<div class=\"elementor-element elementor-element-a19d94d elementor-widget elementor-widget-text-editor\" data-id=\"a19d94d\" data-element_type=\"widget\" data-e-type=\"widget\" data-widget_type=\"text-editor.default\">\n\t\t\t\t<div class=\"elementor-widget-container\">\n\t\t\t\t\t\t\t\t\t<p>El Sitio Web puede contener enlaces a sitios web de terceros. No somos responsables de las pr\u00e1cticas de privacidad de estos sitios web. Recomendamos al Usuario que lea las pol\u00edticas de privacidad de cualquier sitio web de terceros que visite.<\/p>\t\t\t\t\t\t\t\t<\/div>\n\t\t\t\t<\/div>\n\t\t\t\t<div class=\"elementor-element elementor-element-32a16be elementor-widget elementor-widget-heading\" data-id=\"32a16be\" data-element_type=\"widget\" data-e-type=\"widget\" data-widget_type=\"heading.default\">\n\t\t\t\t<div class=\"elementor-widget-container\">\n\t\t\t\t\t<h2 class=\"elementor-heading-title elementor-size-default\">8. DERECHOS DEL USUARIO<\/h2>\t\t\t\t<\/div>\n\t\t\t\t<\/div>\n\t\t\t\t<div class=\"elementor-element elementor-element-4fbbdb0 elementor-widget elementor-widget-text-editor\" data-id=\"4fbbdb0\" data-element_type=\"widget\" data-e-type=\"widget\" data-widget_type=\"text-editor.default\">\n\t\t\t\t<div class=\"elementor-widget-container\">\n\t\t\t\t\t\t\t\t\t<ul><li>8.1.\u00a0<b>Acceso y Correcci\u00f3n:<\/b>\u00a0El Usuario tiene derecho a acceder y corregir su informaci\u00f3n personal.<\/li><li>8.2.\u00a0<b>Eliminaci\u00f3n:<\/b>\u00a0El Usuario puede solicitar la eliminaci\u00f3n de su informaci\u00f3n personal.<\/li><li>8.3.\u00a0<b>Objeci\u00f3n:<\/b>\u00a0El Usuario puede oponerse al procesamiento de su informaci\u00f3n personal.<\/li><\/ul><p>Para ejercer estos derechos, el Usuario puede ponerse en contacto con nosotros a trav\u00e9s de la informaci\u00f3n de contacto que se proporciona a continuaci\u00f3n.<\/p>\t\t\t\t\t\t\t\t<\/div>\n\t\t\t\t<\/div>\n\t\t\t\t<div class=\"elementor-element elementor-element-9635660 elementor-widget elementor-widget-heading\" data-id=\"9635660\" data-element_type=\"widget\" data-e-type=\"widget\" data-widget_type=\"heading.default\">\n\t\t\t\t<div class=\"elementor-widget-container\">\n\t\t\t\t\t<h2 class=\"elementor-heading-title elementor-size-default\">9. CAMBIOS A ESTA POL\u00cdTICA DE PRIVACIDAD<\/h2>\t\t\t\t<\/div>\n\t\t\t\t<\/div>\n\t\t\t\t<div class=\"elementor-element elementor-element-f4b595b elementor-widget elementor-widget-text-editor\" data-id=\"f4b595b\" data-element_type=\"widget\" data-e-type=\"widget\" data-widget_type=\"text-editor.default\">\n\t\t\t\t<div class=\"elementor-widget-container\">\n\t\t\t\t\t\t\t\t\t<p>Podemos actualizar esta Pol\u00edtica de Privacidad de vez en cuando. Cualquier cambio ser\u00e1 publicado en esta p\u00e1gina. Recomendamos al Usuario que revise esta Pol\u00edtica de Privacidad peri\u00f3dicamente para estar informado de cualquier cambio.<\/p>\t\t\t\t\t\t\t\t<\/div>\n\t\t\t\t<\/div>\n\t\t\t\t<div class=\"elementor-element elementor-element-b2f4e51 elementor-widget elementor-widget-heading\" data-id=\"b2f4e51\" data-element_type=\"widget\" data-e-type=\"widget\" data-widget_type=\"heading.default\">\n\t\t\t\t<div class=\"elementor-widget-container\">\n\t\t\t\t\t<h2 class=\"elementor-heading-title elementor-size-default\">10. CONTACTO<\/h2>\t\t\t\t<\/div>\n\t\t\t\t<\/div>\n\t\t\t\t<div class=\"elementor-element elementor-element-119f140 elementor-widget elementor-widget-text-editor\" data-id=\"119f140\" data-element_type=\"widget\" data-e-type=\"widget\" data-widget_type=\"text-editor.default\">\n\t\t\t\t<div class=\"elementor-widget-container\">\n\t\t\t\t\t\t\t\t\t<p>Si tiene alguna pregunta sobre esta Pol\u00edtica de Privacidad, p\u00f3ngase en contacto con nosotros a trav\u00e9s de\u00a0<a>info@<\/a>joyntulum.com\/.com.<\/p>\t\t\t\t\t\t\t\t<\/div>\n\t\t\t\t<\/div>\n\t\t\t\t<\/div>\n\t\t\t\t\t<\/div>\n\t\t\t\t<\/div>\n\t\t\t\t<\/div>\n\t\t","protected":false},"excerpt":{"rendered":"<p>Tabla de contenidos Pol\u00edticas de Privacidad joyntulum.com\u00a0(\u00abSitio Web\u00bb) se compromete a proteger la privacidad de sus usuarios (\u00abUsuarios\u00bb). Esta Pol\u00edtica de Privacidad describe c\u00f3mo recopilamos, utilizamos, divulgamos y protegemos la informaci\u00f3n personal de los Usuarios que utilizan el Sitio Web. Al utilizar el Sitio Web, el Usuario acepta las pr\u00e1cticas descritas en esta Pol\u00edtica de [&hellip;]<\/p>\n","protected":false},"author":3,"featured_media":0,"parent":0,"menu_order":0,"comment_status":"closed","ping_status":"closed","template":"elementor_header_footer","meta":{"_joinchat":[],"footnotes":""},"class_list":["post-605","page","type-page","status-publish","hentry"],"_links":{"self":[{"href":"https:\/\/joyntulum.com\/en\/wp-json\/wp\/v2\/pages\/605","targetHints":{"allow":["GET"]}}],"collection":[{"href":"https:\/\/joyntulum.com\/en\/wp-json\/wp\/v2\/pages"}],"about":[{"href":"https:\/\/joyntulum.com\/en\/wp-json\/wp\/v2\/types\/page"}],"author":[{"embeddable":true,"href":"https:\/\/joyntulum.com\/en\/wp-json\/wp\/v2\/users\/3"}],"replies":[{"embeddable":true,"href":"https:\/\/joyntulum.com\/en\/wp-json\/wp\/v2\/comments?post=605"}],"version-history":[{"count":58,"href":"https:\/\/joyntulum.com\/en\/wp-json\/wp\/v2\/pages\/605\/revisions"}],"predecessor-version":[{"id":999,"href":"https:\/\/joyntulum.com\/en\/wp-json\/wp\/v2\/pages\/605\/revisions\/999"}],"wp:attachment":[{"href":"https:\/\/joyntulum.com\/en\/wp-json\/wp\/v2\/media?parent=605"}],"curies":[{"name":"wp","href":"https:\/\/api.w.org\/{rel}","templated":true}]}}